{"id":13580,"date":"2024-12-10T17:31:47","date_gmt":"2024-12-10T17:31:47","guid":{"rendered":"https:\/\/lvea.lt\/en\/agenda\/"},"modified":"2025-03-16T14:32:49","modified_gmt":"2025-03-16T14:32:49","slug":"agenda","status":"publish","type":"page","link":"https:\/\/lvea.lt\/en\/agenda\/","title":{"rendered":"Agenda"},"content":{"rendered":"\t\t<div data-elementor-type=\"wp-page\" data-elementor-id=\"13580\" class=\"elementor elementor-13580\">\n\t\t\t\t\t\t<section class=\"elementor-section elementor-top-section elementor-element elementor-element-44bb55e4 elementor-section-boxed elementor-section-height-default elementor-section-height-default qodef-elementor-content-no qodef-vertical-text-holder-no\" data-id=\"44bb55e4\" data-element_type=\"section\">\n\t\t\t\t\t\t<div class=\"elementor-container elementor-column-gap-default\">\n\t\t\t\t\t<div class=\"elementor-column elementor-col-100 elementor-top-column elementor-element elementor-element-50c459fd\" data-id=\"50c459fd\" data-element_type=\"column\">\n\t\t\t<div class=\"elementor-widget-wrap elementor-element-populated\">\n\t\t\t\t\t\t<div class=\"elementor-element elementor-element-2ca17338 elementor-widget elementor-widget-text-editor\" data-id=\"2ca17338\" data-element_type=\"widget\" data-widget_type=\"text-editor.default\">\n\t\t\t\t<div class=\"elementor-widget-container\">\n\t\t\t\t\t\t\t\t\t<p style=\"font-weight: 400;\"><strong>PROGRAMME:<\/strong><\/p><p style=\"font-weight: 400;\"><strong>8:15\u20139:00<\/strong> Registration and Coffee<\/p><p style=\"font-weight: 400;\"><strong>9:00\u20139:30<\/strong> Opening Speeches by Government Representatives<\/p><p style=\"font-weight: 400;\"><strong>9:30\u20139:45<\/strong> Welcome speech by WindEurope representative<\/p><p style=\"font-weight: 400;\"><strong>9:45\u201310:00<\/strong> Welcome speech by LVEA representative<\/p><p style=\"font-weight: 400;\"><strong>10:00\u201311:00<\/strong> Panel Discussion: <strong>Politicians\u2019 vision for wind energy \u2013 what direction does the government see?<\/strong><\/p><p style=\"font-weight: 400;\"><strong>Moderator<\/strong>: <strong>WindEurope &#8211; Viktoriya Karelska\u00a0<\/strong><\/p><p style=\"font-weight: 400;\">\u00a0<\/p><p style=\"font-weight: 400;\"><strong>Speakers:<\/strong><\/p><ol><li style=\"font-weight: 400;\">Presidential Office \u2013 energy advisor <strong>Ram\u016bnas Dilba\u00a0<\/strong><\/li><li style=\"font-weight: 400;\">Ministry of Energy \u2013 Viceminister <strong>Airidas Dauk\u0161a\u00a0<\/strong><\/li><li style=\"font-weight: 400;\">Ministry of Environment \u2013 Minister <strong>Povilas Poderskis<\/strong>\u00a0<\/li><li style=\"font-weight: 400;\">Association of Lithuanian Municipalities \u2013 <strong>Vitalijus Mitrofanovas<\/strong><\/li><li style=\"font-weight: 400;\">National Energy Regulatory Council (VERT) \u2013 Representative <strong>Renatas Pocius\u00a0<\/strong><\/li><li style=\"font-weight: 400;\">Ministry of National Defense \u2013- KA viceminister <strong>Tomas Godliauskas\u00a0<\/strong><\/li><\/ol><p style=\"font-weight: 400;\"><strong>11:00\u201311:30<\/strong> Coffee Break<\/p><p style=\"font-weight: 400;\"><strong>11:30\u201312:30<\/strong> Panel Discussion: <strong>How is the Lithuanian wind energy sector developing \u2013 what are the prospects for business?<\/strong><\/p><p style=\"font-weight: 400;\"><strong>Moderator:<\/strong> Linas Sabaliauskas\u00a0<\/p><p style=\"font-weight: 400;\">\u00a0<\/p><p style=\"font-weight: 400;\"><strong>Speakers:<\/strong><\/p><ol><li style=\"font-weight: 400;\">Baringa \u2013 Director <b>YANFAN ZHANG<\/b><\/li><li style=\"font-weight: 400;\">Swedbank \u2013 Representative <strong>Arvydas Rackus<\/strong><\/li><li style=\"font-weight: 400;\">Nordex \u2013 Representative <strong>Norbert \u00a0Dwegner<\/strong><\/li><li style=\"font-weight: 400;\">Sunly \u2013 Representative <strong>Tadas Navickas<\/strong><\/li><li style=\"font-weight: 400;\">Green Genius \u2013 Representative <strong>Ruslanas Sklepovi\u010d<\/strong><\/li><\/ol><p style=\"font-weight: 400;\"><strong>12:30\u201313:30<\/strong> Lunch<\/p><p style=\"font-weight: 400;\"><strong>13:30\u201314:00<\/strong> Coffee Break<\/p><p style=\"font-weight: 400;\"><strong>14:00\u201315:00<\/strong> Panel Discussion: <strong>How is the vision of wind energy development, as set out by politicians and authorities, being implemented today?<\/strong><\/p><p style=\"font-weight: 400;\"><strong>Moderator<\/strong> \u2013 <strong>Martynas Nagevi\u010dius<\/strong><\/p><p style=\"font-weight: 400;\">\u00a0<\/p><p style=\"font-weight: 400;\"><strong>Speakers:<\/strong><\/p><ol><li style=\"font-weight: 400;\">Environmental Protection Agency \u2013 Director <strong>Milda Ra\u010dien\u0117<\/strong><\/li><li style=\"font-weight: 400;\">State Service for Protected Areas \u2013 Director <strong>Agn\u0117 Jasinavi\u010di\u016bt\u0117<\/strong><\/li><li style=\"font-weight: 400;\">LITGRID \u2013 Representative <strong>Ignas Junevi\u010dius<\/strong><\/li><li style=\"font-weight: 400;\">Association of Lithuanian Municipalities \u2013 <strong>Vitalijus Mitrofanovas<\/strong><\/li><li style=\"font-weight: 400;\">E-energija \u2013 <strong>Gediminas Uloza<\/strong><\/li><li style=\"font-weight: 400;\">European Energy \u2013 <strong>Tadeu\u0161as Konkovskis<\/strong><\/li><\/ol><p style=\"font-weight: 400;\"><strong>15:00\u201315:30<\/strong> Coffee Break<\/p><p style=\"font-weight: 400;\"><strong>15:30\u201316:15<\/strong> LVEA 20th Anniversary Award Ceremony<\/p><p>Nominations:<\/p><ol start=\"4\"><li>Lithuania\u2019s Historic Wind Energy Milestone<\/li><li>Lithuania\u2019s Largest Completed Wind Power Project in 20 Years<\/li><li>The Municipality Powering Wind Energy Growth<\/li><li>The Leading WTG Manufacturer by Installed Capacity<\/li><li>The Foundation Builder of Wind Energy\u00a0<\/li><li>The Leading Partner in Wind Turbine Electrical Infrastructure<\/li><li>Lithuania\u2019s Rapidly Expanding Wind Turbine Sales Leader<\/li><li>The Most Progressive Developer<\/li><li>The Rising Star of Contracted Capacity Growth<\/li><li>The Most Ambitious Ongoing Onshore Project<\/li><\/ol><p style=\"font-weight: 400;\">\u00a0<\/p><p style=\"font-weight: 400;\"><strong>16:15\u201316:30<\/strong> Closing of the conference \u2013 speeches by LVEA presidents (Alvydas Nauj\u0117kas, Saulius Pik\u0161rys, Aistis Radavi\u010dius, Linas Sabaliauskas)<\/p><p style=\"font-weight: 400;\"><strong>16:30\u201318:00<\/strong> Wine tasting<\/p><p>\u00a0<\/p><p style=\"font-weight: 400;\"><strong>19:00<\/strong> <strong>Networking Dinner<\/strong> (registration required)<\/p>\t\t\t\t\t\t\t\t<\/div>\n\t\t\t\t<\/div>\n\t\t\t\t\t<\/div>\n\t\t<\/div>\n\t\t\t\t\t<\/div>\n\t\t<\/section>\n\t\t\t\t<section class=\"elementor-section elementor-top-section elementor-element elementor-element-f1dae45 elementor-section-boxed elementor-section-height-default elementor-section-height-default qodef-elementor-content-no qodef-vertical-text-holder-no\" data-id=\"f1dae45\" data-element_type=\"section\">\n\t\t\t\t\t\t<div class=\"elementor-container elementor-column-gap-default\">\n\t\t\t\t\t<div class=\"elementor-column elementor-col-100 elementor-top-column elementor-element elementor-element-0b7971b\" data-id=\"0b7971b\" data-element_type=\"column\">\n\t\t\t<div class=\"elementor-widget-wrap elementor-element-populated\">\n\t\t\t\t\t\t<div class=\"elementor-element elementor-element-e3f042f elementor-widget elementor-widget-qi_addons_for_elementor_image_slider\" data-id=\"e3f042f\" data-element_type=\"widget\" data-widget_type=\"qi_addons_for_elementor_image_slider.default\">\n\t\t\t\t<div class=\"elementor-widget-container\">\n\t\t\t\t\t<div class=\"qodef-shortcode qodef-m qodef-qi-image-slider qodef-qi-fslightbox-popup qodef-popup-gallery qodef-col-num--3 qodef-qi-grid qodef-qi-swiper-container qodef-navigation--inside qodef-pagination--inside qodef-navigation--hover-move\" data-options=\"{&quot;direction&quot;:&quot;horizontal&quot;,&quot;slidesPerView&quot;:&quot;3&quot;,&quot;spaceBetween&quot;:30,&quot;spaceBetweenTablet&quot;:30,&quot;spaceBetweenMobile&quot;:30,&quot;effect&quot;:&quot;&quot;,&quot;loop&quot;:true,&quot;autoplay&quot;:true,&quot;centeredSlides&quot;:false,&quot;speed&quot;:&quot;&quot;,&quot;speedAnimation&quot;:&quot;&quot;,&quot;outsideNavigation&quot;:&quot;no&quot;,&quot;outsidePagination&quot;:&quot;no&quot;,&quot;unique&quot;:852,&quot;partialValue&quot;:0,&quot;disablePartialValue&quot;:&quot;&quot;,&quot;parallax&quot;:&quot;no&quot;}\">\n\t<div class=\"swiper-wrapper\">\n\t\t<div class=\"qodef-e swiper-slide\">\n\t<div class=\"qodef-e-inner\">\n\t\t<div class=\"qodef-e-inner-holder\">\n\t\t\t\t\t\t\t<a class=\"qodef-popup-item\" itemprop=\"image\" href=\"https:\/\/lvea.lt\/wp-content\/uploads\/2025\/03\/Screenshot-2025-03-16-at-12.48.47.png\" data-type=\"image\" data-fslightbox=\"gallery-852\" data-e-disable-page-transition=\u201dtrue\u201d>\n\t\t\t\t\t\t\t<img fetchpriority=\"high\" decoding=\"async\" width=\"687\" height=\"861\" src=\"https:\/\/lvea.lt\/wp-content\/uploads\/2025\/03\/Screenshot-2025-03-16-at-12.48.47.png\" class=\"attachment-full size-full\" alt=\"\" srcset=\"https:\/\/lvea.lt\/wp-content\/uploads\/2025\/03\/Screenshot-2025-03-16-at-12.48.47.png 687w, https:\/\/lvea.lt\/wp-content\/uploads\/2025\/03\/Screenshot-2025-03-16-at-12.48.47-239x300.png 239w\" sizes=\"(max-width: 687px) 100vw, 687px\" \/>\t\t\t\t\t\t\t<\/a>\n\t\t\t\t\t<\/div>\n\t<\/div>\n\t<\/div>\n<div class=\"qodef-e swiper-slide\">\n\t<div class=\"qodef-e-inner\">\n\t\t<div class=\"qodef-e-inner-holder\">\n\t\t\t\t\t\t\t<a class=\"qodef-popup-item\" itemprop=\"image\" href=\"https:\/\/lvea.lt\/wp-content\/uploads\/2025\/03\/Screenshot-2025-03-16-at-12.48.55.png\" data-type=\"image\" data-fslightbox=\"gallery-852\" data-e-disable-page-transition=\u201dtrue\u201d>\n\t\t\t\t\t\t\t<img decoding=\"async\" width=\"687\" height=\"864\" src=\"https:\/\/lvea.lt\/wp-content\/uploads\/2025\/03\/Screenshot-2025-03-16-at-12.48.55.png\" class=\"attachment-full size-full\" alt=\"\" srcset=\"https:\/\/lvea.lt\/wp-content\/uploads\/2025\/03\/Screenshot-2025-03-16-at-12.48.55.png 687w, https:\/\/lvea.lt\/wp-content\/uploads\/2025\/03\/Screenshot-2025-03-16-at-12.48.55-239x300.png 239w\" sizes=\"(max-width: 687px) 100vw, 687px\" \/>\t\t\t\t\t\t\t<\/a>\n\t\t\t\t\t<\/div>\n\t<\/div>\n\t<\/div>\n<div class=\"qodef-e swiper-slide\">\n\t<div class=\"qodef-e-inner\">\n\t\t<div class=\"qodef-e-inner-holder\">\n\t\t\t\t\t\t\t<a class=\"qodef-popup-item\" itemprop=\"image\" href=\"https:\/\/lvea.lt\/wp-content\/uploads\/2025\/03\/Screenshot-2025-03-16-at-12.49.04.png\" data-type=\"image\" data-fslightbox=\"gallery-852\" data-e-disable-page-transition=\u201dtrue\u201d>\n\t\t\t\t\t\t\t<img decoding=\"async\" width=\"687\" height=\"862\" src=\"https:\/\/lvea.lt\/wp-content\/uploads\/2025\/03\/Screenshot-2025-03-16-at-12.49.04.png\" class=\"attachment-full size-full\" alt=\"\" srcset=\"https:\/\/lvea.lt\/wp-content\/uploads\/2025\/03\/Screenshot-2025-03-16-at-12.49.04.png 687w, https:\/\/lvea.lt\/wp-content\/uploads\/2025\/03\/Screenshot-2025-03-16-at-12.49.04-239x300.png 239w\" sizes=\"(max-width: 687px) 100vw, 687px\" \/>\t\t\t\t\t\t\t<\/a>\n\t\t\t\t\t<\/div>\n\t<\/div>\n\t<\/div>\n<div class=\"qodef-e swiper-slide\">\n\t<div class=\"qodef-e-inner\">\n\t\t<div class=\"qodef-e-inner-holder\">\n\t\t\t\t\t\t\t<a class=\"qodef-popup-item\" itemprop=\"image\" href=\"https:\/\/lvea.lt\/wp-content\/uploads\/2025\/03\/Screenshot-2025-03-16-at-12.49.13.png\" data-type=\"image\" data-fslightbox=\"gallery-852\" data-e-disable-page-transition=\u201dtrue\u201d>\n\t\t\t\t\t\t\t<img loading=\"lazy\" decoding=\"async\" width=\"686\" height=\"858\" src=\"https:\/\/lvea.lt\/wp-content\/uploads\/2025\/03\/Screenshot-2025-03-16-at-12.49.13.png\" class=\"attachment-full size-full\" alt=\"\" srcset=\"https:\/\/lvea.lt\/wp-content\/uploads\/2025\/03\/Screenshot-2025-03-16-at-12.49.13.png 686w, https:\/\/lvea.lt\/wp-content\/uploads\/2025\/03\/Screenshot-2025-03-16-at-12.49.13-240x300.png 240w\" sizes=\"(max-width: 686px) 100vw, 686px\" \/>\t\t\t\t\t\t\t<\/a>\n\t\t\t\t\t<\/div>\n\t<\/div>\n\t<\/div>\n<div class=\"qodef-e swiper-slide\">\n\t<div class=\"qodef-e-inner\">\n\t\t<div class=\"qodef-e-inner-holder\">\n\t\t\t\t\t\t\t<a class=\"qodef-popup-item\" itemprop=\"image\" href=\"https:\/\/lvea.lt\/wp-content\/uploads\/2025\/03\/Screenshot-2025-03-16-at-12.49.21.png\" data-type=\"image\" data-fslightbox=\"gallery-852\" data-e-disable-page-transition=\u201dtrue\u201d>\n\t\t\t\t\t\t\t<img loading=\"lazy\" decoding=\"async\" width=\"688\" height=\"862\" src=\"https:\/\/lvea.lt\/wp-content\/uploads\/2025\/03\/Screenshot-2025-03-16-at-12.49.21.png\" class=\"attachment-full size-full\" alt=\"\" srcset=\"https:\/\/lvea.lt\/wp-content\/uploads\/2025\/03\/Screenshot-2025-03-16-at-12.49.21.png 688w, https:\/\/lvea.lt\/wp-content\/uploads\/2025\/03\/Screenshot-2025-03-16-at-12.49.21-239x300.png 239w\" sizes=\"(max-width: 688px) 100vw, 688px\" \/>\t\t\t\t\t\t\t<\/a>\n\t\t\t\t\t<\/div>\n\t<\/div>\n\t<\/div>\n\t<\/div>\n\t\t<div class=\"swiper-button-prev\"><svg class=\"qodef-swiper-arrow-left\" xmlns=\"http:\/\/www.w3.org\/2000\/svg\" x=\"0px\" y=\"0px\" viewBox=\"0 0 34.2 32.3\" xml:space=\"preserve\" style=\"stroke-width: 2;\"><line x1=\"0.5\" y1=\"16\" x2=\"33.5\" y2=\"16\"\/><line x1=\"0.3\" y1=\"16.5\" x2=\"16.2\" y2=\"0.7\"\/><line x1=\"0\" y1=\"15.4\" x2=\"16.2\" y2=\"31.6\"\/><\/svg><\/div>\n\t<div class=\"swiper-button-next\"><svg class=\"qodef-swiper-arrow-right\" xmlns=\"http:\/\/www.w3.org\/2000\/svg\" x=\"0px\" y=\"0px\" viewBox=\"0 0 34.2 32.3\" xml:space=\"preserve\" style=\"stroke-width: 2;\"><line x1=\"0\" y1=\"16\" x2=\"33\" y2=\"16\"\/><line x1=\"17.3\" y1=\"0.7\" x2=\"33.2\" y2=\"16.5\"\/><line x1=\"17.3\" y1=\"31.6\" x2=\"33.5\" y2=\"15.4\"\/><\/svg><\/div>\n\t<div class=\"swiper-pagination\"><\/div>\n<\/div>\n\t\t\t\t<\/div>\n\t\t\t\t<\/div>\n\t\t\t\t\t<\/div>\n\t\t<\/div>\n\t\t\t\t\t<\/div>\n\t\t<\/section>\n\t\t\t\t<section class=\"elementor-section elementor-top-section elementor-element elementor-element-72db63c elementor-section-boxed elementor-section-height-default elementor-section-height-default qodef-elementor-content-no qodef-vertical-text-holder-no\" data-id=\"72db63c\" data-element_type=\"section\">\n\t\t\t\t\t\t<div class=\"elementor-container elementor-column-gap-default\">\n\t\t\t\t\t<div class=\"elementor-column elementor-col-100 elementor-top-column elementor-element elementor-element-5c8046b\" data-id=\"5c8046b\" data-element_type=\"column\">\n\t\t\t<div class=\"elementor-widget-wrap elementor-element-populated\">\n\t\t\t\t\t\t<div class=\"elementor-element elementor-element-fad938f elementor-widget elementor-widget-image\" data-id=\"fad938f\" data-element_type=\"widget\" data-widget_type=\"image.default\">\n\t\t\t\t<div class=\"elementor-widget-container\">\n\t\t\t\t\t\t\t\t\t\t\t\t\t\t\t<img loading=\"lazy\" decoding=\"async\" width=\"1024\" height=\"173\" src=\"https:\/\/lvea.lt\/wp-content\/uploads\/2025\/03\/LVEA-ln-cover_02.21-1024x173.jpg\" class=\"attachment-large size-large wp-image-13864\" alt=\"\" srcset=\"https:\/\/lvea.lt\/wp-content\/uploads\/2025\/03\/LVEA-ln-cover_02.21-1024x173.jpg 1024w, https:\/\/lvea.lt\/wp-content\/uploads\/2025\/03\/LVEA-ln-cover_02.21-300x51.jpg 300w, https:\/\/lvea.lt\/wp-content\/uploads\/2025\/03\/LVEA-ln-cover_02.21-768x130.jpg 768w, https:\/\/lvea.lt\/wp-content\/uploads\/2025\/03\/LVEA-ln-cover_02.21.jpg 1128w\" sizes=\"(max-width: 1024px) 100vw, 1024px\" \/>\t\t\t\t\t\t\t\t\t\t\t\t\t\t\t<\/div>\n\t\t\t\t<\/div>\n\t\t\t\t\t<\/div>\n\t\t<\/div>\n\t\t\t\t\t<\/div>\n\t\t<\/section>\n\t\t\t\t<\/div>\n\t\t","protected":false},"excerpt":{"rendered":"<p>PROGRAMME: 8:15\u20139:00 Registration and Coffee 9:00\u20139:30 Opening Speeches by Government Representatives 9:30\u20139:45 Welcome speech by WindEurope representative 9:45\u201310:00 Welcome speech by LVEA representative 10:00\u201311:00 Panel Discussion: Politicians\u2019 vision for wind energy \u2013 what direction does the government see? Moderator: WindEurope &#8211; Viktoriya Karelska\u00a0 \u00a0 Speakers: Presidential Office \u2013 energy advisor Ram\u016bnas Dilba\u00a0 Ministry of Energy [&hellip;]<\/p>\n","protected":false},"author":3,"featured_media":0,"parent":0,"menu_order":0,"comment_status":"closed","ping_status":"closed","template":"","meta":{"footnotes":""},"class_list":["post-13580","page","type-page","status-publish","hentry"],"yoast_head":"<!-- This site is optimized with the Yoast SEO plugin v27.3 - https:\/\/yoast.com\/product\/yoast-seo-wordpress\/ -->\n<title>Agenda | Lietuvos v\u0117jo elektrini\u0173 asociacija (LVEA)<\/title>\n<meta name=\"robots\" content=\"index, follow, max-snippet:-1, max-image-preview:large, max-video-preview:-1\" \/>\n<link rel=\"canonical\" href=\"https:\/\/lvea.lt\/en\/agenda\/\" \/>\n<meta property=\"og:locale\" content=\"en_US\" \/>\n<meta property=\"og:type\" content=\"article\" \/>\n<meta property=\"og:title\" content=\"Agenda | Lietuvos v\u0117jo elektrini\u0173 asociacija (LVEA)\" \/>\n<meta property=\"og:description\" content=\"PROGRAMME: 8:15\u20139:00 Registration and Coffee 9:00\u20139:30 Opening Speeches by Government Representatives 9:30\u20139:45 Welcome speech by WindEurope representative 9:45\u201310:00 Welcome speech by LVEA representative 10:00\u201311:00 Panel Discussion: Politicians\u2019 vision for wind energy \u2013 what direction does the government see? Moderator: WindEurope &#8211; Viktoriya Karelska\u00a0 \u00a0 Speakers: Presidential Office \u2013 energy advisor Ram\u016bnas Dilba\u00a0 Ministry of Energy [&hellip;]\" \/>\n<meta property=\"og:url\" content=\"https:\/\/lvea.lt\/en\/agenda\/\" \/>\n<meta property=\"og:site_name\" content=\"Lietuvos v\u0117jo elektrini\u0173 asociacija (LVEA)\" \/>\n<meta property=\"article:publisher\" content=\"https:\/\/www.facebook.com\/profile.php?id=100042938536839\" \/>\n<meta property=\"article:modified_time\" content=\"2025-03-16T14:32:49+00:00\" \/>\n<meta property=\"og:image\" content=\"https:\/\/lvea.lt\/wp-content\/uploads\/2025\/03\/Screenshot-2025-03-16-at-12.48.47.png\" \/>\n<meta name=\"twitter:card\" content=\"summary_large_image\" \/>\n<meta name=\"twitter:label1\" content=\"Est. reading time\" \/>\n\t<meta name=\"twitter:data1\" content=\"5 minutes\" \/>\n<script type=\"application\/ld+json\" class=\"yoast-schema-graph\">{\"@context\":\"https:\\\/\\\/schema.org\",\"@graph\":[{\"@type\":\"WebPage\",\"@id\":\"https:\\\/\\\/lvea.lt\\\/en\\\/agenda\\\/\",\"url\":\"https:\\\/\\\/lvea.lt\\\/en\\\/agenda\\\/\",\"name\":\"Agenda | Lietuvos v\u0117jo elektrini\u0173 asociacija (LVEA)\",\"isPartOf\":{\"@id\":\"https:\\\/\\\/lvea.lt\\\/#website\"},\"primaryImageOfPage\":{\"@id\":\"https:\\\/\\\/lvea.lt\\\/en\\\/agenda\\\/#primaryimage\"},\"image\":{\"@id\":\"https:\\\/\\\/lvea.lt\\\/en\\\/agenda\\\/#primaryimage\"},\"thumbnailUrl\":\"https:\\\/\\\/lvea.lt\\\/wp-content\\\/uploads\\\/2025\\\/03\\\/Screenshot-2025-03-16-at-12.48.47.png\",\"datePublished\":\"2024-12-10T17:31:47+00:00\",\"dateModified\":\"2025-03-16T14:32:49+00:00\",\"breadcrumb\":{\"@id\":\"https:\\\/\\\/lvea.lt\\\/en\\\/agenda\\\/#breadcrumb\"},\"inLanguage\":\"en-US\",\"potentialAction\":[{\"@type\":\"ReadAction\",\"target\":[\"https:\\\/\\\/lvea.lt\\\/en\\\/agenda\\\/\"]}]},{\"@type\":\"ImageObject\",\"inLanguage\":\"en-US\",\"@id\":\"https:\\\/\\\/lvea.lt\\\/en\\\/agenda\\\/#primaryimage\",\"url\":\"https:\\\/\\\/lvea.lt\\\/wp-content\\\/uploads\\\/2025\\\/03\\\/Screenshot-2025-03-16-at-12.48.47.png\",\"contentUrl\":\"https:\\\/\\\/lvea.lt\\\/wp-content\\\/uploads\\\/2025\\\/03\\\/Screenshot-2025-03-16-at-12.48.47.png\"},{\"@type\":\"BreadcrumbList\",\"@id\":\"https:\\\/\\\/lvea.lt\\\/en\\\/agenda\\\/#breadcrumb\",\"itemListElement\":[{\"@type\":\"ListItem\",\"position\":1,\"name\":\"Home\",\"item\":\"https:\\\/\\\/lvea.lt\\\/en\\\/main-home\\\/\"},{\"@type\":\"ListItem\",\"position\":2,\"name\":\"Agenda\"}]},{\"@type\":\"WebSite\",\"@id\":\"https:\\\/\\\/lvea.lt\\\/#website\",\"url\":\"https:\\\/\\\/lvea.lt\\\/\",\"name\":\"Lietuvos v\u0117jo elektrini\u0173 asociacija\",\"description\":\"LVEA\",\"publisher\":{\"@id\":\"https:\\\/\\\/lvea.lt\\\/#organization\"},\"alternateName\":\"LVEA\",\"potentialAction\":[{\"@type\":\"SearchAction\",\"target\":{\"@type\":\"EntryPoint\",\"urlTemplate\":\"https:\\\/\\\/lvea.lt\\\/?s={search_term_string}\"},\"query-input\":{\"@type\":\"PropertyValueSpecification\",\"valueRequired\":true,\"valueName\":\"search_term_string\"}}],\"inLanguage\":\"en-US\"},{\"@type\":\"Organization\",\"@id\":\"https:\\\/\\\/lvea.lt\\\/#organization\",\"name\":\"Lietuvos v\u0117jo elektrini\u0173 asociacija (LVEA)\",\"alternateName\":\"LVEA\",\"url\":\"https:\\\/\\\/lvea.lt\\\/\",\"logo\":{\"@type\":\"ImageObject\",\"inLanguage\":\"en-US\",\"@id\":\"https:\\\/\\\/lvea.lt\\\/#\\\/schema\\\/logo\\\/image\\\/\",\"url\":\"https:\\\/\\\/lvea.lt\\\/wp-content\\\/uploads\\\/2023\\\/09\\\/logo.webp\",\"contentUrl\":\"https:\\\/\\\/lvea.lt\\\/wp-content\\\/uploads\\\/2023\\\/09\\\/logo.webp\",\"width\":280,\"height\":110,\"caption\":\"Lietuvos v\u0117jo elektrini\u0173 asociacija (LVEA)\"},\"image\":{\"@id\":\"https:\\\/\\\/lvea.lt\\\/#\\\/schema\\\/logo\\\/image\\\/\"},\"sameAs\":[\"https:\\\/\\\/www.facebook.com\\\/profile.php?id=100042938536839\",\"https:\\\/\\\/www.linkedin.com\\\/company\\\/lithuanianwindpowerassociation\\\/\"]}]}<\/script>\n<!-- \/ Yoast SEO plugin. -->","yoast_head_json":{"title":"Agenda | Lietuvos v\u0117jo elektrini\u0173 asociacija (LVEA)","robots":{"index":"index","follow":"follow","max-snippet":"max-snippet:-1","max-image-preview":"max-image-preview:large","max-video-preview":"max-video-preview:-1"},"canonical":"https:\/\/lvea.lt\/en\/agenda\/","og_locale":"en_US","og_type":"article","og_title":"Agenda | Lietuvos v\u0117jo elektrini\u0173 asociacija (LVEA)","og_description":"PROGRAMME: 8:15\u20139:00 Registration and Coffee 9:00\u20139:30 Opening Speeches by Government Representatives 9:30\u20139:45 Welcome speech by WindEurope representative 9:45\u201310:00 Welcome speech by LVEA representative 10:00\u201311:00 Panel Discussion: Politicians\u2019 vision for wind energy \u2013 what direction does the government see? Moderator: WindEurope &#8211; Viktoriya Karelska\u00a0 \u00a0 Speakers: Presidential Office \u2013 energy advisor Ram\u016bnas Dilba\u00a0 Ministry of Energy [&hellip;]","og_url":"https:\/\/lvea.lt\/en\/agenda\/","og_site_name":"Lietuvos v\u0117jo elektrini\u0173 asociacija (LVEA)","article_publisher":"https:\/\/www.facebook.com\/profile.php?id=100042938536839","article_modified_time":"2025-03-16T14:32:49+00:00","og_image":[{"url":"https:\/\/lvea.lt\/wp-content\/uploads\/2025\/03\/Screenshot-2025-03-16-at-12.48.47.png","type":"","width":"","height":""}],"twitter_card":"summary_large_image","twitter_misc":{"Est. reading time":"5 minutes"},"schema":{"@context":"https:\/\/schema.org","@graph":[{"@type":"WebPage","@id":"https:\/\/lvea.lt\/en\/agenda\/","url":"https:\/\/lvea.lt\/en\/agenda\/","name":"Agenda | Lietuvos v\u0117jo elektrini\u0173 asociacija (LVEA)","isPartOf":{"@id":"https:\/\/lvea.lt\/#website"},"primaryImageOfPage":{"@id":"https:\/\/lvea.lt\/en\/agenda\/#primaryimage"},"image":{"@id":"https:\/\/lvea.lt\/en\/agenda\/#primaryimage"},"thumbnailUrl":"https:\/\/lvea.lt\/wp-content\/uploads\/2025\/03\/Screenshot-2025-03-16-at-12.48.47.png","datePublished":"2024-12-10T17:31:47+00:00","dateModified":"2025-03-16T14:32:49+00:00","breadcrumb":{"@id":"https:\/\/lvea.lt\/en\/agenda\/#breadcrumb"},"inLanguage":"en-US","potentialAction":[{"@type":"ReadAction","target":["https:\/\/lvea.lt\/en\/agenda\/"]}]},{"@type":"ImageObject","inLanguage":"en-US","@id":"https:\/\/lvea.lt\/en\/agenda\/#primaryimage","url":"https:\/\/lvea.lt\/wp-content\/uploads\/2025\/03\/Screenshot-2025-03-16-at-12.48.47.png","contentUrl":"https:\/\/lvea.lt\/wp-content\/uploads\/2025\/03\/Screenshot-2025-03-16-at-12.48.47.png"},{"@type":"BreadcrumbList","@id":"https:\/\/lvea.lt\/en\/agenda\/#breadcrumb","itemListElement":[{"@type":"ListItem","position":1,"name":"Home","item":"https:\/\/lvea.lt\/en\/main-home\/"},{"@type":"ListItem","position":2,"name":"Agenda"}]},{"@type":"WebSite","@id":"https:\/\/lvea.lt\/#website","url":"https:\/\/lvea.lt\/","name":"Lietuvos v\u0117jo elektrini\u0173 asociacija","description":"LVEA","publisher":{"@id":"https:\/\/lvea.lt\/#organization"},"alternateName":"LVEA","potentialAction":[{"@type":"SearchAction","target":{"@type":"EntryPoint","urlTemplate":"https:\/\/lvea.lt\/?s={search_term_string}"},"query-input":{"@type":"PropertyValueSpecification","valueRequired":true,"valueName":"search_term_string"}}],"inLanguage":"en-US"},{"@type":"Organization","@id":"https:\/\/lvea.lt\/#organization","name":"Lietuvos v\u0117jo elektrini\u0173 asociacija (LVEA)","alternateName":"LVEA","url":"https:\/\/lvea.lt\/","logo":{"@type":"ImageObject","inLanguage":"en-US","@id":"https:\/\/lvea.lt\/#\/schema\/logo\/image\/","url":"https:\/\/lvea.lt\/wp-content\/uploads\/2023\/09\/logo.webp","contentUrl":"https:\/\/lvea.lt\/wp-content\/uploads\/2023\/09\/logo.webp","width":280,"height":110,"caption":"Lietuvos v\u0117jo elektrini\u0173 asociacija (LVEA)"},"image":{"@id":"https:\/\/lvea.lt\/#\/schema\/logo\/image\/"},"sameAs":["https:\/\/www.facebook.com\/profile.php?id=100042938536839","https:\/\/www.linkedin.com\/company\/lithuanianwindpowerassociation\/"]}]}},"_links":{"self":[{"href":"https:\/\/lvea.lt\/en\/wp-json\/wp\/v2\/pages\/13580","targetHints":{"allow":["GET"]}}],"collection":[{"href":"https:\/\/lvea.lt\/en\/wp-json\/wp\/v2\/pages"}],"about":[{"href":"https:\/\/lvea.lt\/en\/wp-json\/wp\/v2\/types\/page"}],"author":[{"embeddable":true,"href":"https:\/\/lvea.lt\/en\/wp-json\/wp\/v2\/users\/3"}],"replies":[{"embeddable":true,"href":"https:\/\/lvea.lt\/en\/wp-json\/wp\/v2\/comments?post=13580"}],"version-history":[{"count":17,"href":"https:\/\/lvea.lt\/en\/wp-json\/wp\/v2\/pages\/13580\/revisions"}],"predecessor-version":[{"id":13918,"href":"https:\/\/lvea.lt\/en\/wp-json\/wp\/v2\/pages\/13580\/revisions\/13918"}],"wp:attachment":[{"href":"https:\/\/lvea.lt\/en\/wp-json\/wp\/v2\/media?parent=13580"}],"curies":[{"name":"wp","href":"https:\/\/api.w.org\/{rel}","templated":true}]}}