{"id":12712,"date":"2024-07-02T13:59:00","date_gmt":"2024-07-02T13:59:00","guid":{"rendered":"https:\/\/lvea.lt\/?page_id=12712"},"modified":"2024-08-20T15:52:48","modified_gmt":"2024-08-20T15:52:48","slug":"wind-parks","status":"publish","type":"page","link":"https:\/\/lvea.lt\/en\/wind-parks\/","title":{"rendered":"Wind parks"},"content":{"rendered":"\t\t<div data-elementor-type=\"wp-page\" data-elementor-id=\"12712\" class=\"elementor elementor-12712\">\n\t\t\t\t\t\t<section class=\"elementor-section elementor-top-section elementor-element elementor-element-4956c7a elementor-section-boxed elementor-section-height-default elementor-section-height-default qodef-elementor-content-no qodef-vertical-text-holder-no\" data-id=\"4956c7a\" data-element_type=\"section\">\n\t\t\t\t\t\t<div class=\"elementor-container elementor-column-gap-default\">\n\t\t\t\t\t<div class=\"elementor-column elementor-col-100 elementor-top-column elementor-element elementor-element-0caea2f\" data-id=\"0caea2f\" data-element_type=\"column\">\n\t\t\t<div class=\"elementor-widget-wrap elementor-element-populated\">\n\t\t\t\t\t\t<div class=\"elementor-element elementor-element-4dec766 elementor-widget elementor-widget-qi_addons_for_elementor_section_title\" data-id=\"4dec766\" data-element_type=\"widget\" data-widget_type=\"qi_addons_for_elementor_section_title.default\">\n\t\t\t\t<div class=\"elementor-widget-container\">\n\t\t\t\t\t<div class=\"qodef-shortcode qodef-m qodef-qi-section-title qodef-decoration--italic qodef-link--underline-draw qodef-subtitle-icon--left\">\n\t\t\t\t\t\t<h3 class=\"qodef-m-title\">\n\t\tWind parks\t<\/h3>\n\t\t\t<div class=\"qodef-m-text\"><p class=\"p1\"><span class=\"s1\">The Association currently has 42 members with a total installed capacity of 338 MW of wind parks, covering 63% of the Lithuanian market. UAB Dalis gero owns 2.6 MW, UAB \u017dalia galia - 1.5 MW, UAB Dolomitas - 6 MW, UAB Renerga-1 - 7.5 MW, UAB Renerga - 50 MW, UAB Ignitis renewables - 58 MW, UAB Amberwind - 73.5 MW, UAB Enefit wind - 138.9 MW of installed capacity.<\/span><\/p><\/div>\n\t<\/div>\n\t\t\t\t<\/div>\n\t\t\t\t<\/div>\n\t\t\t\t<div class=\"elementor-element elementor-element-258477b elementor-widget elementor-widget-qi_addons_for_elementor_blockquote\" data-id=\"258477b\" data-element_type=\"widget\" data-widget_type=\"qi_addons_for_elementor_blockquote.default\">\n\t\t\t\t<div class=\"elementor-widget-container\">\n\t\t\t\t\t<div class=\"qodef-shortcode qodef-m qodef-qi-blockquote qodef-layout--inline qodef--icon-pack\">\n\t\t\t<h4 class=\"qodef-m-text\">\n\t\t\t\t\t\t\t<span class=\"qodef-m-icon\">\n\t\t\t\t\t<svg aria-hidden=\"true\" class=\"e-font-icon-svg e-fas-quote-right\" viewBox=\"0 0 512 512\" xmlns=\"http:\/\/www.w3.org\/2000\/svg\"><path d=\"M464 32H336c-26.5 0-48 21.5-48 48v128c0 26.5 21.5 48 48 48h80v64c0 35.3-28.7 64-64 64h-8c-13.3 0-24 10.7-24 24v48c0 13.3 10.7 24 24 24h8c88.4 0 160-71.6 160-160V80c0-26.5-21.5-48-48-48zm-288 0H48C21.5 32 0 53.5 0 80v128c0 26.5 21.5 48 48 48h80v64c0 35.3-28.7 64-64 64h-8c-13.3 0-24 10.7-24 24v48c0 13.3 10.7 24 24 24h8c88.4 0 160-71.6 160-160V80c0-26.5-21.5-48-48-48z\"><\/path><\/svg>\t\t\t\t<\/span>\n\t\t\t\t\t\tThe Association currently has 42 members with a total installed capacity of 338 MW and 63% of the Lithuanian market.\t\t<\/h4>\n\t<\/div>\n\t\t\t\t<\/div>\n\t\t\t\t<\/div>\n\t\t\t\t<div class=\"elementor-element elementor-element-bcc6e6d elementor-widget elementor-widget-text-editor\" data-id=\"bcc6e6d\" data-element_type=\"widget\" data-widget_type=\"text-editor.default\">\n\t\t\t\t<div class=\"elementor-widget-container\">\n\t\t\t\t\t\t\t\t\t<p class=\"p1\"><span class=\"s1\">In 2016, three new wind parks were launched in Pag\u0117giai, Ma\u017eeikiai and \u0160ilut\u0117 municipalities.<\/span><\/p><p class=\"p1\"><span class=\"s1\">In February 2016, the largest wind farm in Lithuania, UAB Amberwind, with a capacity of 73.5 MW, was opened in the municipality of Pag\u0117giai.<\/span><\/p><p class=\"p1\"><span class=\"s1\">In June 2016, a 45 MW wind park of UAB Pamario j\u0117gaini\u0173 energija in the municipality of Ma\u017eeikiai, financed by AB Swedbank, started operations.<\/span><\/p><p class=\"p1\"><span class=\"s1\">In July 2016, the second largest wind farm in Lithuania, a 60 MW wind farm operated by UAB \u0160ilut\u0117s v\u0117jo projektai, started operating. The wind farm is equipped with 24 highly modern General Electric GE 2.5-120 wind turbines with a height of 110 metres. The park is calculated to generate 230 GWh of electricity annually.<\/span><\/p>\t\t\t\t\t\t\t\t<\/div>\n\t\t\t\t<\/div>\n\t\t\t\t\t<\/div>\n\t\t<\/div>\n\t\t\t\t\t<\/div>\n\t\t<\/section>\n\t\t\t\t<section class=\"elementor-section elementor-top-section elementor-element elementor-element-fbc8518 elementor-section-boxed elementor-section-height-default elementor-section-height-default qodef-elementor-content-no qodef-vertical-text-holder-no\" data-id=\"fbc8518\" data-element_type=\"section\">\n\t\t\t\t\t\t<div class=\"elementor-container elementor-column-gap-default\">\n\t\t\t\t\t<div class=\"elementor-column elementor-col-100 elementor-top-column elementor-element elementor-element-89c72d2\" data-id=\"89c72d2\" data-element_type=\"column\">\n\t\t\t<div class=\"elementor-widget-wrap elementor-element-populated\">\n\t\t\t\t\t\t<div class=\"elementor-element elementor-element-62730a7 elementor-widget elementor-widget-qi_addons_for_elementor_section_title\" data-id=\"62730a7\" data-element_type=\"widget\" data-widget_type=\"qi_addons_for_elementor_section_title.default\">\n\t\t\t\t<div class=\"elementor-widget-container\">\n\t\t\t\t\t<div class=\"qodef-shortcode qodef-m qodef-qi-section-title qodef-decoration--italic qodef-link--underline-draw qodef-subtitle-icon--left\">\n\t\t\t\t\t\t<h3 class=\"qodef-m-title\">\n\t\tA bit of history...\t<\/h3>\n\t\t\t<div class=\"qodef-m-text\"><p class=\"p1\"><span class=\"s1\">The first demonstration wind farm of UAB Dalis gero with an installed capacity of 600 kW in Vydmantai was commissioned in spring 2004 and by the end of the year had generated 1.2 MWh of electricity.<\/span><\/p><p class=\"p1\"><span class=\"s1\">The Benai\u010diai wind park, which became operational in Kretinga district at the end of 2006, was declared fit for use by the State Commission on 17 March 2007. The wind farm has a capacity of 16 MW and generates about 44 million kWh of electricity per year. In the village of Benai\u010diai, Darb\u0117nai municipality, six V100 2.75-3 type wind farms are installed. UAB Renerga purchased the equipment for the wind farms from the Danish company Vestas.<\/span><\/p><p class=\"p1\"><span class=\"s1\">This was gradually followed by the installation of wind farms by UAB Energopliusas, UAB Energogrup\u0117, 2 wind farms by UAB V\u0117jo g\u016bsis, UAB V\u0117jo vatas and UAB Gemba.<\/span><\/p><p class=\"p1\"><span class=\"s1\">At the end of 2010, one of the largest objects belonging to the members of the Association - UAB Renerga - was put into operation - the 34 MW capacity wind farm Benai\u010diai-1. The park generates about 86 million kWh of electricity per year and significantly reduces CO2 emissions. Seventeen Enercon E-82 type wind turbines have been installed at the wind farm in the villages of Benai\u010diai, \u017dyneliai and Pel\u0117\u0137iai in the Darb\u0117nai municipality of Kretinga district. The height of the wind power plants in the park reaches 97 m. UAB Renerga purchased the wind power equipment from the German company Enercon, the leader in the production of equipment in this field, which produces some of the most modern and powerful wind power plants in Europe and worldwide.<\/span><\/p><p class=\"p1\"><span class=\"s1\">Since its establishment, the wind farms of the association's members have generated around 3.7 billion kWh of electricity. This amount of electricity would require the combustion of around 660 million m3 of natural gas. Burning this amount of natural gas would release over 2.5 million tonnes of CO2 into the atmosphere.<\/span><\/p><p class=\"p1\"><span class=\"s1\">The Lithuanian Wind Power Association's members have invested \u20ac800 million in wind farms. Total investment in the sector exceeds \u20ac1 billion.<\/span><\/p><\/div>\n\t<\/div>\n\t\t\t\t<\/div>\n\t\t\t\t<\/div>\n\t\t\t\t<div class=\"elementor-element elementor-element-d036154 elementor-widget elementor-widget-image\" data-id=\"d036154\" data-element_type=\"widget\" data-widget_type=\"image.default\">\n\t\t\t\t<div class=\"elementor-widget-container\">\n\t\t\t\t\t\t\t\t\t\t\t\t\t\t\t<img fetchpriority=\"high\" decoding=\"async\" width=\"1024\" height=\"643\" src=\"https:\/\/lvea.lt\/wp-content\/uploads\/2022\/07\/Velo-elektirniu-parkai-Lietuvoje-1024x643.jpg\" class=\"attachment-large size-large wp-image-2589\" alt=\"\" srcset=\"https:\/\/lvea.lt\/wp-content\/uploads\/2022\/07\/Velo-elektirniu-parkai-Lietuvoje-1024x643.jpg 1024w, https:\/\/lvea.lt\/wp-content\/uploads\/2022\/07\/Velo-elektirniu-parkai-Lietuvoje-300x188.jpg 300w, https:\/\/lvea.lt\/wp-content\/uploads\/2022\/07\/Velo-elektirniu-parkai-Lietuvoje-768x482.jpg 768w, https:\/\/lvea.lt\/wp-content\/uploads\/2022\/07\/Velo-elektirniu-parkai-Lietuvoje-1536x965.jpg 1536w, https:\/\/lvea.lt\/wp-content\/uploads\/2022\/07\/Velo-elektirniu-parkai-Lietuvoje-scaled.jpg 2048w, https:\/\/lvea.lt\/wp-content\/uploads\/2022\/07\/Velo-elektirniu-parkai-Lietuvoje-1920x1206.jpg 1920w\" sizes=\"(max-width: 1024px) 100vw, 1024px\" \/>\t\t\t\t\t\t\t\t\t\t\t\t\t\t\t<\/div>\n\t\t\t\t<\/div>\n\t\t\t\t\t<\/div>\n\t\t<\/div>\n\t\t\t\t\t<\/div>\n\t\t<\/section>\n\t\t\t\t<\/div>\n\t\t","protected":false},"excerpt":{"rendered":"<p>Wind parks The Association currently has 42 members with a total installed capacity of 338 MW of wind parks, covering 63% of the Lithuanian market. UAB Dalis gero owns 2.6 MW, UAB \u017dalia galia &#8211; 1.5 MW, UAB Dolomitas &#8211; 6 MW, UAB Renerga-1 &#8211; 7.5 MW, UAB Renerga &#8211; 50 MW, UAB Ignitis renewables [&hellip;]<\/p>\n","protected":false},"author":3,"featured_media":0,"parent":0,"menu_order":0,"comment_status":"closed","ping_status":"closed","template":"page-full-width.php","meta":{"footnotes":""},"class_list":["post-12712","page","type-page","status-publish","hentry"],"yoast_head":"<!-- This site is optimized with the Yoast SEO plugin v27.3 - https:\/\/yoast.com\/product\/yoast-seo-wordpress\/ -->\n<title>Wind parks | Lietuvos v\u0117jo elektrini\u0173 asociacija (LVEA)<\/title>\n<meta name=\"robots\" content=\"index, follow, max-snippet:-1, max-image-preview:large, max-video-preview:-1\" \/>\n<link rel=\"canonical\" href=\"https:\/\/lvea.lt\/en\/wind-parks\/\" \/>\n<meta property=\"og:locale\" content=\"en_US\" \/>\n<meta property=\"og:type\" content=\"article\" \/>\n<meta property=\"og:title\" content=\"Wind parks | Lietuvos v\u0117jo elektrini\u0173 asociacija (LVEA)\" \/>\n<meta property=\"og:description\" content=\"Wind parks The Association currently has 42 members with a total installed capacity of 338 MW of wind parks, covering 63% of the Lithuanian market. UAB Dalis gero owns 2.6 MW, UAB \u017dalia galia &#8211; 1.5 MW, UAB Dolomitas &#8211; 6 MW, UAB Renerga-1 &#8211; 7.5 MW, UAB Renerga &#8211; 50 MW, UAB Ignitis renewables [&hellip;]\" \/>\n<meta property=\"og:url\" content=\"https:\/\/lvea.lt\/en\/wind-parks\/\" \/>\n<meta property=\"og:site_name\" content=\"Lietuvos v\u0117jo elektrini\u0173 asociacija (LVEA)\" \/>\n<meta property=\"article:publisher\" content=\"https:\/\/www.facebook.com\/profile.php?id=100042938536839\" \/>\n<meta property=\"article:modified_time\" content=\"2024-08-20T15:52:48+00:00\" \/>\n<meta property=\"og:image\" content=\"https:\/\/lvea.lt\/wp-content\/uploads\/2022\/07\/Velo-elektirniu-parkai-Lietuvoje-1024x643.jpg\" \/>\n<meta name=\"twitter:card\" content=\"summary_large_image\" \/>\n<meta name=\"twitter:label1\" content=\"Est. reading time\" \/>\n\t<meta name=\"twitter:data1\" content=\"4 minutes\" \/>\n<script type=\"application\/ld+json\" class=\"yoast-schema-graph\">{\"@context\":\"https:\\\/\\\/schema.org\",\"@graph\":[{\"@type\":\"WebPage\",\"@id\":\"https:\\\/\\\/lvea.lt\\\/en\\\/wind-parks\\\/\",\"url\":\"https:\\\/\\\/lvea.lt\\\/en\\\/wind-parks\\\/\",\"name\":\"Wind parks | Lietuvos v\u0117jo elektrini\u0173 asociacija (LVEA)\",\"isPartOf\":{\"@id\":\"https:\\\/\\\/lvea.lt\\\/#website\"},\"primaryImageOfPage\":{\"@id\":\"https:\\\/\\\/lvea.lt\\\/en\\\/wind-parks\\\/#primaryimage\"},\"image\":{\"@id\":\"https:\\\/\\\/lvea.lt\\\/en\\\/wind-parks\\\/#primaryimage\"},\"thumbnailUrl\":\"https:\\\/\\\/lvea.lt\\\/wp-content\\\/uploads\\\/2022\\\/07\\\/Velo-elektirniu-parkai-Lietuvoje-1024x643.jpg\",\"datePublished\":\"2024-07-02T13:59:00+00:00\",\"dateModified\":\"2024-08-20T15:52:48+00:00\",\"breadcrumb\":{\"@id\":\"https:\\\/\\\/lvea.lt\\\/en\\\/wind-parks\\\/#breadcrumb\"},\"inLanguage\":\"en-US\",\"potentialAction\":[{\"@type\":\"ReadAction\",\"target\":[\"https:\\\/\\\/lvea.lt\\\/en\\\/wind-parks\\\/\"]}]},{\"@type\":\"ImageObject\",\"inLanguage\":\"en-US\",\"@id\":\"https:\\\/\\\/lvea.lt\\\/en\\\/wind-parks\\\/#primaryimage\",\"url\":\"https:\\\/\\\/lvea.lt\\\/wp-content\\\/uploads\\\/2022\\\/07\\\/Velo-elektirniu-parkai-Lietuvoje-1024x643.jpg\",\"contentUrl\":\"https:\\\/\\\/lvea.lt\\\/wp-content\\\/uploads\\\/2022\\\/07\\\/Velo-elektirniu-parkai-Lietuvoje-1024x643.jpg\"},{\"@type\":\"BreadcrumbList\",\"@id\":\"https:\\\/\\\/lvea.lt\\\/en\\\/wind-parks\\\/#breadcrumb\",\"itemListElement\":[{\"@type\":\"ListItem\",\"position\":1,\"name\":\"Home\",\"item\":\"https:\\\/\\\/lvea.lt\\\/en\\\/main-home\\\/\"},{\"@type\":\"ListItem\",\"position\":2,\"name\":\"Wind parks\"}]},{\"@type\":\"WebSite\",\"@id\":\"https:\\\/\\\/lvea.lt\\\/#website\",\"url\":\"https:\\\/\\\/lvea.lt\\\/\",\"name\":\"Lietuvos v\u0117jo elektrini\u0173 asociacija\",\"description\":\"LVEA\",\"publisher\":{\"@id\":\"https:\\\/\\\/lvea.lt\\\/#organization\"},\"alternateName\":\"LVEA\",\"potentialAction\":[{\"@type\":\"SearchAction\",\"target\":{\"@type\":\"EntryPoint\",\"urlTemplate\":\"https:\\\/\\\/lvea.lt\\\/?s={search_term_string}\"},\"query-input\":{\"@type\":\"PropertyValueSpecification\",\"valueRequired\":true,\"valueName\":\"search_term_string\"}}],\"inLanguage\":\"en-US\"},{\"@type\":\"Organization\",\"@id\":\"https:\\\/\\\/lvea.lt\\\/#organization\",\"name\":\"Lietuvos v\u0117jo elektrini\u0173 asociacija (LVEA)\",\"alternateName\":\"LVEA\",\"url\":\"https:\\\/\\\/lvea.lt\\\/\",\"logo\":{\"@type\":\"ImageObject\",\"inLanguage\":\"en-US\",\"@id\":\"https:\\\/\\\/lvea.lt\\\/#\\\/schema\\\/logo\\\/image\\\/\",\"url\":\"https:\\\/\\\/lvea.lt\\\/wp-content\\\/uploads\\\/2023\\\/09\\\/logo.webp\",\"contentUrl\":\"https:\\\/\\\/lvea.lt\\\/wp-content\\\/uploads\\\/2023\\\/09\\\/logo.webp\",\"width\":280,\"height\":110,\"caption\":\"Lietuvos v\u0117jo elektrini\u0173 asociacija (LVEA)\"},\"image\":{\"@id\":\"https:\\\/\\\/lvea.lt\\\/#\\\/schema\\\/logo\\\/image\\\/\"},\"sameAs\":[\"https:\\\/\\\/www.facebook.com\\\/profile.php?id=100042938536839\",\"https:\\\/\\\/www.linkedin.com\\\/company\\\/lithuanianwindpowerassociation\\\/\"]}]}<\/script>\n<!-- \/ Yoast SEO plugin. -->","yoast_head_json":{"title":"Wind parks | Lietuvos v\u0117jo elektrini\u0173 asociacija (LVEA)","robots":{"index":"index","follow":"follow","max-snippet":"max-snippet:-1","max-image-preview":"max-image-preview:large","max-video-preview":"max-video-preview:-1"},"canonical":"https:\/\/lvea.lt\/en\/wind-parks\/","og_locale":"en_US","og_type":"article","og_title":"Wind parks | Lietuvos v\u0117jo elektrini\u0173 asociacija (LVEA)","og_description":"Wind parks The Association currently has 42 members with a total installed capacity of 338 MW of wind parks, covering 63% of the Lithuanian market. UAB Dalis gero owns 2.6 MW, UAB \u017dalia galia &#8211; 1.5 MW, UAB Dolomitas &#8211; 6 MW, UAB Renerga-1 &#8211; 7.5 MW, UAB Renerga &#8211; 50 MW, UAB Ignitis renewables [&hellip;]","og_url":"https:\/\/lvea.lt\/en\/wind-parks\/","og_site_name":"Lietuvos v\u0117jo elektrini\u0173 asociacija (LVEA)","article_publisher":"https:\/\/www.facebook.com\/profile.php?id=100042938536839","article_modified_time":"2024-08-20T15:52:48+00:00","og_image":[{"url":"https:\/\/lvea.lt\/wp-content\/uploads\/2022\/07\/Velo-elektirniu-parkai-Lietuvoje-1024x643.jpg","type":"","width":"","height":""}],"twitter_card":"summary_large_image","twitter_misc":{"Est. reading time":"4 minutes"},"schema":{"@context":"https:\/\/schema.org","@graph":[{"@type":"WebPage","@id":"https:\/\/lvea.lt\/en\/wind-parks\/","url":"https:\/\/lvea.lt\/en\/wind-parks\/","name":"Wind parks | Lietuvos v\u0117jo elektrini\u0173 asociacija (LVEA)","isPartOf":{"@id":"https:\/\/lvea.lt\/#website"},"primaryImageOfPage":{"@id":"https:\/\/lvea.lt\/en\/wind-parks\/#primaryimage"},"image":{"@id":"https:\/\/lvea.lt\/en\/wind-parks\/#primaryimage"},"thumbnailUrl":"https:\/\/lvea.lt\/wp-content\/uploads\/2022\/07\/Velo-elektirniu-parkai-Lietuvoje-1024x643.jpg","datePublished":"2024-07-02T13:59:00+00:00","dateModified":"2024-08-20T15:52:48+00:00","breadcrumb":{"@id":"https:\/\/lvea.lt\/en\/wind-parks\/#breadcrumb"},"inLanguage":"en-US","potentialAction":[{"@type":"ReadAction","target":["https:\/\/lvea.lt\/en\/wind-parks\/"]}]},{"@type":"ImageObject","inLanguage":"en-US","@id":"https:\/\/lvea.lt\/en\/wind-parks\/#primaryimage","url":"https:\/\/lvea.lt\/wp-content\/uploads\/2022\/07\/Velo-elektirniu-parkai-Lietuvoje-1024x643.jpg","contentUrl":"https:\/\/lvea.lt\/wp-content\/uploads\/2022\/07\/Velo-elektirniu-parkai-Lietuvoje-1024x643.jpg"},{"@type":"BreadcrumbList","@id":"https:\/\/lvea.lt\/en\/wind-parks\/#breadcrumb","itemListElement":[{"@type":"ListItem","position":1,"name":"Home","item":"https:\/\/lvea.lt\/en\/main-home\/"},{"@type":"ListItem","position":2,"name":"Wind parks"}]},{"@type":"WebSite","@id":"https:\/\/lvea.lt\/#website","url":"https:\/\/lvea.lt\/","name":"Lietuvos v\u0117jo elektrini\u0173 asociacija","description":"LVEA","publisher":{"@id":"https:\/\/lvea.lt\/#organization"},"alternateName":"LVEA","potentialAction":[{"@type":"SearchAction","target":{"@type":"EntryPoint","urlTemplate":"https:\/\/lvea.lt\/?s={search_term_string}"},"query-input":{"@type":"PropertyValueSpecification","valueRequired":true,"valueName":"search_term_string"}}],"inLanguage":"en-US"},{"@type":"Organization","@id":"https:\/\/lvea.lt\/#organization","name":"Lietuvos v\u0117jo elektrini\u0173 asociacija (LVEA)","alternateName":"LVEA","url":"https:\/\/lvea.lt\/","logo":{"@type":"ImageObject","inLanguage":"en-US","@id":"https:\/\/lvea.lt\/#\/schema\/logo\/image\/","url":"https:\/\/lvea.lt\/wp-content\/uploads\/2023\/09\/logo.webp","contentUrl":"https:\/\/lvea.lt\/wp-content\/uploads\/2023\/09\/logo.webp","width":280,"height":110,"caption":"Lietuvos v\u0117jo elektrini\u0173 asociacija (LVEA)"},"image":{"@id":"https:\/\/lvea.lt\/#\/schema\/logo\/image\/"},"sameAs":["https:\/\/www.facebook.com\/profile.php?id=100042938536839","https:\/\/www.linkedin.com\/company\/lithuanianwindpowerassociation\/"]}]}},"_links":{"self":[{"href":"https:\/\/lvea.lt\/en\/wp-json\/wp\/v2\/pages\/12712","targetHints":{"allow":["GET"]}}],"collection":[{"href":"https:\/\/lvea.lt\/en\/wp-json\/wp\/v2\/pages"}],"about":[{"href":"https:\/\/lvea.lt\/en\/wp-json\/wp\/v2\/types\/page"}],"author":[{"embeddable":true,"href":"https:\/\/lvea.lt\/en\/wp-json\/wp\/v2\/users\/3"}],"replies":[{"embeddable":true,"href":"https:\/\/lvea.lt\/en\/wp-json\/wp\/v2\/comments?post=12712"}],"version-history":[{"count":1,"href":"https:\/\/lvea.lt\/en\/wp-json\/wp\/v2\/pages\/12712\/revisions"}],"predecessor-version":[{"id":13163,"href":"https:\/\/lvea.lt\/en\/wp-json\/wp\/v2\/pages\/12712\/revisions\/13163"}],"wp:attachment":[{"href":"https:\/\/lvea.lt\/en\/wp-json\/wp\/v2\/media?parent=12712"}],"curies":[{"name":"wp","href":"https:\/\/api.w.org\/{rel}","templated":true}]}}