{"id":12328,"date":"2023-09-12T10:39:31","date_gmt":"2023-09-12T10:39:31","guid":{"rendered":"https:\/\/lvea.lt\/en\/es-statistika\/"},"modified":"2024-02-04T21:41:32","modified_gmt":"2024-02-04T21:41:32","slug":"es-statistika","status":"publish","type":"page","link":"https:\/\/lvea.lt\/en\/es-statistika\/","title":{"rendered":"ES statistika"},"content":{"rendered":"\t\t<div data-elementor-type=\"wp-page\" data-elementor-id=\"12328\" class=\"elementor elementor-12328\">\n\t\t\t\t\t\t<section class=\"elementor-section elementor-top-section elementor-element elementor-element-cc2c0fb elementor-section-boxed elementor-section-height-default elementor-section-height-default qodef-elementor-content-no qodef-vertical-text-holder-no\" data-id=\"cc2c0fb\" data-element_type=\"section\">\n\t\t\t\t\t\t<div class=\"elementor-container elementor-column-gap-default\">\n\t\t\t\t\t<div class=\"elementor-column elementor-col-100 elementor-top-column elementor-element elementor-element-d92039a\" data-id=\"d92039a\" data-element_type=\"column\">\n\t\t\t<div class=\"elementor-widget-wrap elementor-element-populated\">\n\t\t\t\t\t\t<div class=\"elementor-element elementor-element-704abcc elementor-widget elementor-widget-qi_addons_for_elementor_section_title\" data-id=\"704abcc\" data-element_type=\"widget\" data-widget_type=\"qi_addons_for_elementor_section_title.default\">\n\t\t\t\t<div class=\"elementor-widget-container\">\n\t\t\t\t\t<div class=\"qodef-shortcode qodef-m qodef-qi-section-title qodef-decoration--italic qodef-link--underline-draw qodef-subtitle-icon--left\">\n\t\t\t\t\t\t<h3 class=\"qodef-m-title\">\n\t\tES statistika\t<\/h3>\n\t\t\t<div class=\"qodef-m-text\"><p><a href=\"https:\/\/windeurope.org\/intelligence-platform\/product\/wind-energy-in-europe-2021-statistics-and-the-outlook-for-2022-2026\/\">Pra\u0117jusiais metais Europoje buvo instaliuota 17,4 GW galios nauj\u0173 v\u0117jo elektrini\u0173<\/a>: 14 GW sausumoje ir 3,4 GW j\u016broje. Tai yra 17,5 % daugiau v\u0117jo elektrini\u0173 nei 2020 metais (11 GW) bet 11 % ma\u017eiau nei prognozavo \u201eWindEurope\u201c. Ta\u010diau nauji v\u0117jo j\u0117gaini\u0173 paj\u0117gumai Europoje n\u0117ra nei pus\u0117 to, k\u0105 Europa tur\u0117t\u0173 pasistatyti per metus jei nori pasiekti 2030 m. i\u0161sikeltus klimato ir energetikos tikslus.<\/p><\/div>\n\t<\/div>\n\t\t\t\t<\/div>\n\t\t\t\t<\/div>\n\t\t\t\t<div class=\"elementor-element elementor-element-2979cf0 elementor-widget elementor-widget-qi_addons_for_elementor_blockquote\" data-id=\"2979cf0\" data-element_type=\"widget\" data-widget_type=\"qi_addons_for_elementor_blockquote.default\">\n\t\t\t\t<div class=\"elementor-widget-container\">\n\t\t\t\t\t<div class=\"qodef-shortcode qodef-m qodef-qi-blockquote qodef-layout--inline qodef--icon-pack\">\n\t\t\t<h4 class=\"qodef-m-text\">\n\t\t\t\t\t\t\t<span class=\"qodef-m-icon\">\n\t\t\t\t\t<svg aria-hidden=\"true\" class=\"e-font-icon-svg e-fas-quote-right\" viewBox=\"0 0 512 512\" xmlns=\"http:\/\/www.w3.org\/2000\/svg\"><path d=\"M464 32H336c-26.5 0-48 21.5-48 48v128c0 26.5 21.5 48 48 48h80v64c0 35.3-28.7 64-64 64h-8c-13.3 0-24 10.7-24 24v48c0 13.3 10.7 24 24 24h8c88.4 0 160-71.6 160-160V80c0-26.5-21.5-48-48-48zm-288 0H48C21.5 32 0 53.5 0 80v128c0 26.5 21.5 48 48 48h80v64c0 35.3-28.7 64-64 64h-8c-13.3 0-24 10.7-24 24v48c0 13.3 10.7 24 24 24h8c88.4 0 160-71.6 160-160V80c0-26.5-21.5-48-48-48z\"><\/path><\/svg>\t\t\t\t<\/span>\n\t\t\t\t\t\tPra\u0117jusiais metais Europoje buvo instaliuota 17,4 GW galios nauj\u0173 v\u0117jo elektrini\u0173: 14 GW sausumoje ir 3,4 GW j\u016broje.\t\t<\/h4>\n\t<\/div>\n\t\t\t\t<\/div>\n\t\t\t\t<\/div>\n\t\t\t\t<div class=\"elementor-element elementor-element-7b82ee4 elementor-widget elementor-widget-text-editor\" data-id=\"7b82ee4\" data-element_type=\"widget\" data-widget_type=\"text-editor.default\">\n\t\t\t\t<div class=\"elementor-widget-container\">\n\t\t\t\t\t\t\t\t\t<p>\u00a0<\/p><p>Kaip skelbia \u201eWindEurope\u201c, daugiausia nauj\u0173 v\u0117jo elektrini\u0173 pernai i\u0161kilo Jungtin\u0117je Karalyst\u0117je \u2013 2,7 GW (88 % i\u0161 j\u0173 \u2013 j\u016brini\u0173), \u0160vedijoje \u2013 2,1 GW, Vokietijoje \u2013 1,9 GW, Turkijoje \u2013 1,4 GW, Olandijoje \u2013 1,3 GW.\u00a0 \u0160ios valstyb\u0117s instaliavo apie 54 % vis\u0173 pernai instaliuot\u0173 nauj\u0173 v\u0117jo elektrini\u0173 Europoje.<\/p><p>Pernai Europoje buvo instaliuota 3,3 GW galios j\u016brini\u0173 v\u0117jo elektrini\u0173. Daugiausia j\u016brini\u0173 v\u0117jo elektrini\u0173 buvo instaliuota Jungtin\u0117je Karalyst\u0117je \u2013 2317 MW, Danijoje \u2013 605 MW, Olandijoje \u2013 392 MW. Jos sudar\u0117 19% vis\u0173 per 2021 m. naujai pastatyt\u0173 v\u0117jo j\u0117gaini\u0173. Vidutin\u0117 naujai pastatyt\u0173 turbin\u0173 galia 2021 m. buvo 4 MW \u2013 sausumos, 8,5 MW \u2013 j\u016brini\u0173 v\u0117jo j\u0117gaini\u0173 park\u0173.<\/p><p>2021 m. v\u0117jo elektrin\u0117se buvo pagaminta 15 % Europai reikalingos elektros energijos. Did\u017eiausia dalis reikalingos elektros energijos i\u0161 v\u0117jo buvo pagaminta Danijoje (44 %), Airijoje (31 %), Portugalijoje (26 %), Ispanijoje (24 %) ir Vokietijoje (23 %). Lietuva tuo tarpu pasigamina 11,5 % sau reikalingos elektros energijos i\u0161 v\u0117jo.<\/p><p>I\u0161 viso Europoje veikia 236 GW galios v\u0117jo j\u0117gaini\u0173. 12 % i\u0161 j\u0173 \u2013 j\u016broje. I\u0161 vis\u0173 veikian\u010di\u0173 v\u0117jo elektrini\u0173 Europoje 65 % yra pasiskirs\u010diusios penkiose \u0161alyse: Vokietijoje (64 GW), Ispanijoje (28 GW), Jungtin\u0117je Karalyst\u0117je (27 GW), Pranc\u016bzijoje (19 GW) ir \u0160vedijoje (12 GW). Lietuvoje tuo tarp\u0173 t\u0117ra 0,67 GW v\u0117jo elektrini\u0173.<\/p>\t\t\t\t\t\t\t\t<\/div>\n\t\t\t\t<\/div>\n\t\t\t\t<div class=\"elementor-element elementor-element-8a82f3b elementor-widget elementor-widget-image\" data-id=\"8a82f3b\" data-element_type=\"widget\" data-widget_type=\"image.default\">\n\t\t\t\t<div class=\"elementor-widget-container\">\n\t\t\t\t\t\t\t\t\t\t\t\t\t\t\t<img fetchpriority=\"high\" decoding=\"async\" width=\"1024\" height=\"768\" src=\"https:\/\/lvea.lt\/wp-content\/uploads\/2021\/03\/LVEA-grafikai-2021-LT-2-1024x768.jpg\" class=\"attachment-large size-large wp-image-2118\" alt=\"\" srcset=\"https:\/\/lvea.lt\/wp-content\/uploads\/2021\/03\/LVEA-grafikai-2021-LT-2-1024x768.jpg 1024w, https:\/\/lvea.lt\/wp-content\/uploads\/2021\/03\/LVEA-grafikai-2021-LT-2-300x225.jpg 300w, https:\/\/lvea.lt\/wp-content\/uploads\/2021\/03\/LVEA-grafikai-2021-LT-2-768x576.jpg 768w, https:\/\/lvea.lt\/wp-content\/uploads\/2021\/03\/LVEA-grafikai-2021-LT-2-1536x1152.jpg 1536w, https:\/\/lvea.lt\/wp-content\/uploads\/2021\/03\/LVEA-grafikai-2021-LT-2.jpg 2048w, https:\/\/lvea.lt\/wp-content\/uploads\/2021\/03\/LVEA-grafikai-2021-LT-2-1920x1440.jpg 1920w\" sizes=\"(max-width: 1024px) 100vw, 1024px\" \/>\t\t\t\t\t\t\t\t\t\t\t\t\t\t\t<\/div>\n\t\t\t\t<\/div>\n\t\t\t\t\t<\/div>\n\t\t<\/div>\n\t\t\t\t\t<\/div>\n\t\t<\/section>\n\t\t\t\t<\/div>\n\t\t","protected":false},"excerpt":{"rendered":"<p>ES statistika Pra\u0117jusiais metais Europoje buvo instaliuota 17,4 GW galios nauj\u0173 v\u0117jo elektrini\u0173: 14 GW sausumoje ir 3,4 GW j\u016broje. Tai yra 17,5 % daugiau v\u0117jo elektrini\u0173 nei 2020 metais (11 GW) bet 11 % ma\u017eiau nei prognozavo \u201eWindEurope\u201c. Ta\u010diau nauji v\u0117jo j\u0117gaini\u0173 paj\u0117gumai Europoje n\u0117ra nei pus\u0117 to, k\u0105 Europa tur\u0117t\u0173 pasistatyti per metus [&hellip;]<\/p>\n","protected":false},"author":5,"featured_media":0,"parent":0,"menu_order":0,"comment_status":"closed","ping_status":"closed","template":"page-full-width.php","meta":{"footnotes":""},"class_list":["post-12328","page","type-page","status-publish","hentry"],"yoast_head":"<!-- This site is optimized with the Yoast SEO plugin v27.4 - https:\/\/yoast.com\/product\/yoast-seo-wordpress\/ -->\n<title>ES statistika | Lietuvos v\u0117jo elektrini\u0173 asociacija (LVEA)<\/title>\n<meta name=\"robots\" content=\"index, follow, max-snippet:-1, max-image-preview:large, max-video-preview:-1\" \/>\n<link rel=\"canonical\" href=\"https:\/\/lvea.lt\/es-statistika\/\" \/>\n<meta property=\"og:locale\" content=\"en_US\" \/>\n<meta property=\"og:type\" content=\"article\" \/>\n<meta property=\"og:title\" content=\"ES statistika | Lietuvos v\u0117jo elektrini\u0173 asociacija (LVEA)\" \/>\n<meta property=\"og:description\" content=\"ES statistika Pra\u0117jusiais metais Europoje buvo instaliuota 17,4 GW galios nauj\u0173 v\u0117jo elektrini\u0173: 14 GW sausumoje ir 3,4 GW j\u016broje. Tai yra 17,5 % daugiau v\u0117jo elektrini\u0173 nei 2020 metais (11 GW) bet 11 % ma\u017eiau nei prognozavo \u201eWindEurope\u201c. Ta\u010diau nauji v\u0117jo j\u0117gaini\u0173 paj\u0117gumai Europoje n\u0117ra nei pus\u0117 to, k\u0105 Europa tur\u0117t\u0173 pasistatyti per metus [&hellip;]\" \/>\n<meta property=\"og:url\" content=\"https:\/\/lvea.lt\/es-statistika\/\" \/>\n<meta property=\"og:site_name\" content=\"Lietuvos v\u0117jo elektrini\u0173 asociacija (LVEA)\" \/>\n<meta property=\"article:publisher\" content=\"https:\/\/www.facebook.com\/profile.php?id=100042938536839\" \/>\n<meta property=\"article:modified_time\" content=\"2024-02-04T21:41:32+00:00\" \/>\n<meta property=\"og:image\" content=\"https:\/\/lvea.lt\/wp-content\/uploads\/2021\/03\/LVEA-grafikai-2021-LT-2-1024x768.jpg\" \/>\n<meta name=\"twitter:card\" content=\"summary_large_image\" \/>\n<meta name=\"twitter:label1\" content=\"Est. reading time\" \/>\n\t<meta name=\"twitter:data1\" content=\"2 minutes\" \/>\n<script type=\"application\/ld+json\" class=\"yoast-schema-graph\">{\"@context\":\"https:\\\/\\\/schema.org\",\"@graph\":[{\"@type\":\"WebPage\",\"@id\":\"https:\\\/\\\/lvea.lt\\\/es-statistika\\\/\",\"url\":\"https:\\\/\\\/lvea.lt\\\/es-statistika\\\/\",\"name\":\"ES statistika | Lietuvos v\u0117jo elektrini\u0173 asociacija (LVEA)\",\"isPartOf\":{\"@id\":\"https:\\\/\\\/lvea.lt\\\/#website\"},\"primaryImageOfPage\":{\"@id\":\"https:\\\/\\\/lvea.lt\\\/es-statistika\\\/#primaryimage\"},\"image\":{\"@id\":\"https:\\\/\\\/lvea.lt\\\/es-statistika\\\/#primaryimage\"},\"thumbnailUrl\":\"https:\\\/\\\/lvea.lt\\\/wp-content\\\/uploads\\\/2021\\\/03\\\/LVEA-grafikai-2021-LT-2-1024x768.jpg\",\"datePublished\":\"2023-09-12T10:39:31+00:00\",\"dateModified\":\"2024-02-04T21:41:32+00:00\",\"breadcrumb\":{\"@id\":\"https:\\\/\\\/lvea.lt\\\/es-statistika\\\/#breadcrumb\"},\"inLanguage\":\"en-US\",\"potentialAction\":[{\"@type\":\"ReadAction\",\"target\":[\"https:\\\/\\\/lvea.lt\\\/es-statistika\\\/\"]}]},{\"@type\":\"ImageObject\",\"inLanguage\":\"en-US\",\"@id\":\"https:\\\/\\\/lvea.lt\\\/es-statistika\\\/#primaryimage\",\"url\":\"https:\\\/\\\/lvea.lt\\\/wp-content\\\/uploads\\\/2021\\\/03\\\/LVEA-grafikai-2021-LT-2-1024x768.jpg\",\"contentUrl\":\"https:\\\/\\\/lvea.lt\\\/wp-content\\\/uploads\\\/2021\\\/03\\\/LVEA-grafikai-2021-LT-2-1024x768.jpg\"},{\"@type\":\"BreadcrumbList\",\"@id\":\"https:\\\/\\\/lvea.lt\\\/es-statistika\\\/#breadcrumb\",\"itemListElement\":[{\"@type\":\"ListItem\",\"position\":1,\"name\":\"Home\",\"item\":\"https:\\\/\\\/lvea.lt\\\/en\\\/main-home\\\/\"},{\"@type\":\"ListItem\",\"position\":2,\"name\":\"ES statistika\"}]},{\"@type\":\"WebSite\",\"@id\":\"https:\\\/\\\/lvea.lt\\\/#website\",\"url\":\"https:\\\/\\\/lvea.lt\\\/\",\"name\":\"Lietuvos v\u0117jo elektrini\u0173 asociacija\",\"description\":\"LVEA\",\"publisher\":{\"@id\":\"https:\\\/\\\/lvea.lt\\\/#organization\"},\"alternateName\":\"LVEA\",\"potentialAction\":[{\"@type\":\"SearchAction\",\"target\":{\"@type\":\"EntryPoint\",\"urlTemplate\":\"https:\\\/\\\/lvea.lt\\\/?s={search_term_string}\"},\"query-input\":{\"@type\":\"PropertyValueSpecification\",\"valueRequired\":true,\"valueName\":\"search_term_string\"}}],\"inLanguage\":\"en-US\"},{\"@type\":\"Organization\",\"@id\":\"https:\\\/\\\/lvea.lt\\\/#organization\",\"name\":\"Lietuvos v\u0117jo elektrini\u0173 asociacija (LVEA)\",\"alternateName\":\"LVEA\",\"url\":\"https:\\\/\\\/lvea.lt\\\/\",\"logo\":{\"@type\":\"ImageObject\",\"inLanguage\":\"en-US\",\"@id\":\"https:\\\/\\\/lvea.lt\\\/#\\\/schema\\\/logo\\\/image\\\/\",\"url\":\"https:\\\/\\\/lvea.lt\\\/wp-content\\\/uploads\\\/2023\\\/09\\\/logo.webp\",\"contentUrl\":\"https:\\\/\\\/lvea.lt\\\/wp-content\\\/uploads\\\/2023\\\/09\\\/logo.webp\",\"width\":280,\"height\":110,\"caption\":\"Lietuvos v\u0117jo elektrini\u0173 asociacija (LVEA)\"},\"image\":{\"@id\":\"https:\\\/\\\/lvea.lt\\\/#\\\/schema\\\/logo\\\/image\\\/\"},\"sameAs\":[\"https:\\\/\\\/www.facebook.com\\\/profile.php?id=100042938536839\",\"https:\\\/\\\/www.linkedin.com\\\/company\\\/lithuanianwindpowerassociation\\\/\"]}]}<\/script>\n<!-- \/ Yoast SEO plugin. -->","yoast_head_json":{"title":"ES statistika | Lietuvos v\u0117jo elektrini\u0173 asociacija (LVEA)","robots":{"index":"index","follow":"follow","max-snippet":"max-snippet:-1","max-image-preview":"max-image-preview:large","max-video-preview":"max-video-preview:-1"},"canonical":"https:\/\/lvea.lt\/es-statistika\/","og_locale":"en_US","og_type":"article","og_title":"ES statistika | Lietuvos v\u0117jo elektrini\u0173 asociacija (LVEA)","og_description":"ES statistika Pra\u0117jusiais metais Europoje buvo instaliuota 17,4 GW galios nauj\u0173 v\u0117jo elektrini\u0173: 14 GW sausumoje ir 3,4 GW j\u016broje. Tai yra 17,5 % daugiau v\u0117jo elektrini\u0173 nei 2020 metais (11 GW) bet 11 % ma\u017eiau nei prognozavo \u201eWindEurope\u201c. Ta\u010diau nauji v\u0117jo j\u0117gaini\u0173 paj\u0117gumai Europoje n\u0117ra nei pus\u0117 to, k\u0105 Europa tur\u0117t\u0173 pasistatyti per metus [&hellip;]","og_url":"https:\/\/lvea.lt\/es-statistika\/","og_site_name":"Lietuvos v\u0117jo elektrini\u0173 asociacija (LVEA)","article_publisher":"https:\/\/www.facebook.com\/profile.php?id=100042938536839","article_modified_time":"2024-02-04T21:41:32+00:00","og_image":[{"url":"https:\/\/lvea.lt\/wp-content\/uploads\/2021\/03\/LVEA-grafikai-2021-LT-2-1024x768.jpg","type":"","width":"","height":""}],"twitter_card":"summary_large_image","twitter_misc":{"Est. reading time":"2 minutes"},"schema":{"@context":"https:\/\/schema.org","@graph":[{"@type":"WebPage","@id":"https:\/\/lvea.lt\/es-statistika\/","url":"https:\/\/lvea.lt\/es-statistika\/","name":"ES statistika | Lietuvos v\u0117jo elektrini\u0173 asociacija (LVEA)","isPartOf":{"@id":"https:\/\/lvea.lt\/#website"},"primaryImageOfPage":{"@id":"https:\/\/lvea.lt\/es-statistika\/#primaryimage"},"image":{"@id":"https:\/\/lvea.lt\/es-statistika\/#primaryimage"},"thumbnailUrl":"https:\/\/lvea.lt\/wp-content\/uploads\/2021\/03\/LVEA-grafikai-2021-LT-2-1024x768.jpg","datePublished":"2023-09-12T10:39:31+00:00","dateModified":"2024-02-04T21:41:32+00:00","breadcrumb":{"@id":"https:\/\/lvea.lt\/es-statistika\/#breadcrumb"},"inLanguage":"en-US","potentialAction":[{"@type":"ReadAction","target":["https:\/\/lvea.lt\/es-statistika\/"]}]},{"@type":"ImageObject","inLanguage":"en-US","@id":"https:\/\/lvea.lt\/es-statistika\/#primaryimage","url":"https:\/\/lvea.lt\/wp-content\/uploads\/2021\/03\/LVEA-grafikai-2021-LT-2-1024x768.jpg","contentUrl":"https:\/\/lvea.lt\/wp-content\/uploads\/2021\/03\/LVEA-grafikai-2021-LT-2-1024x768.jpg"},{"@type":"BreadcrumbList","@id":"https:\/\/lvea.lt\/es-statistika\/#breadcrumb","itemListElement":[{"@type":"ListItem","position":1,"name":"Home","item":"https:\/\/lvea.lt\/en\/main-home\/"},{"@type":"ListItem","position":2,"name":"ES statistika"}]},{"@type":"WebSite","@id":"https:\/\/lvea.lt\/#website","url":"https:\/\/lvea.lt\/","name":"Lietuvos v\u0117jo elektrini\u0173 asociacija","description":"LVEA","publisher":{"@id":"https:\/\/lvea.lt\/#organization"},"alternateName":"LVEA","potentialAction":[{"@type":"SearchAction","target":{"@type":"EntryPoint","urlTemplate":"https:\/\/lvea.lt\/?s={search_term_string}"},"query-input":{"@type":"PropertyValueSpecification","valueRequired":true,"valueName":"search_term_string"}}],"inLanguage":"en-US"},{"@type":"Organization","@id":"https:\/\/lvea.lt\/#organization","name":"Lietuvos v\u0117jo elektrini\u0173 asociacija (LVEA)","alternateName":"LVEA","url":"https:\/\/lvea.lt\/","logo":{"@type":"ImageObject","inLanguage":"en-US","@id":"https:\/\/lvea.lt\/#\/schema\/logo\/image\/","url":"https:\/\/lvea.lt\/wp-content\/uploads\/2023\/09\/logo.webp","contentUrl":"https:\/\/lvea.lt\/wp-content\/uploads\/2023\/09\/logo.webp","width":280,"height":110,"caption":"Lietuvos v\u0117jo elektrini\u0173 asociacija (LVEA)"},"image":{"@id":"https:\/\/lvea.lt\/#\/schema\/logo\/image\/"},"sameAs":["https:\/\/www.facebook.com\/profile.php?id=100042938536839","https:\/\/www.linkedin.com\/company\/lithuanianwindpowerassociation\/"]}]}},"_links":{"self":[{"href":"https:\/\/lvea.lt\/en\/wp-json\/wp\/v2\/pages\/12328","targetHints":{"allow":["GET"]}}],"collection":[{"href":"https:\/\/lvea.lt\/en\/wp-json\/wp\/v2\/pages"}],"about":[{"href":"https:\/\/lvea.lt\/en\/wp-json\/wp\/v2\/types\/page"}],"author":[{"embeddable":true,"href":"https:\/\/lvea.lt\/en\/wp-json\/wp\/v2\/users\/5"}],"replies":[{"embeddable":true,"href":"https:\/\/lvea.lt\/en\/wp-json\/wp\/v2\/comments?post=12328"}],"version-history":[{"count":0,"href":"https:\/\/lvea.lt\/en\/wp-json\/wp\/v2\/pages\/12328\/revisions"}],"wp:attachment":[{"href":"https:\/\/lvea.lt\/en\/wp-json\/wp\/v2\/media?parent=12328"}],"curies":[{"name":"wp","href":"https:\/\/api.w.org\/{rel}","templated":true}]}}